{"id":601,"date":"2024-04-11T11:01:34","date_gmt":"2024-04-11T09:01:34","guid":{"rendered":"https:\/\/roovee.eu\/?page_id=601"},"modified":"2024-10-17T10:12:48","modified_gmt":"2024-10-17T08:12:48","slug":"kariera-roovee","status":"publish","type":"page","link":"https:\/\/roovee.eu\/en\/kariera-roovee\/","title":{"rendered":"Kariera"},"content":{"rendered":"","protected":false},"excerpt":{"rendered":"","protected":false},"author":1,"featured_media":0,"parent":0,"menu_order":0,"comment_status":"closed","ping_status":"closed","template":"tpl_custom.php","meta":{"_acf_changed":false,"footnotes":""},"class_list":["post-601","page","type-page","status-publish","hentry"],"acf":[],"yoast_head":"<!-- This site is optimized with the Yoast SEO Premium plugin v27.2 (Yoast SEO v27.2) - https:\/\/yoast.com\/product\/yoast-seo-premium-wordpress\/ -->\n<title>Kariera w ROOVEE - Do\u0142\u0105cz do naszego zespo\u0142u<\/title>\n<meta name=\"description\" content=\"Do\u0142\u0105cz do ROOVEE i rozwijaj swoj\u0105 karier\u0119 w mobilno\u015bci miejskiej. Tw\u00f3rz z nami innowacyjne rozwi\u0105zania transportowe dla miast.\" \/>\n<meta name=\"robots\" content=\"index, follow, max-snippet:-1, max-image-preview:large, max-video-preview:-1\" \/>\n<link rel=\"canonical\" href=\"https:\/\/roovee.eu\/en\/kariera-roovee\/\" \/>\n<meta property=\"og:locale\" content=\"en_US\" \/>\n<meta property=\"og:locale:alternate\" content=\"pl_PL\" \/>\n<meta property=\"og:type\" content=\"article\" \/>\n<meta property=\"og:title\" content=\"Kariera\" \/>\n<meta property=\"og:description\" content=\"Do\u0142\u0105cz do ROOVEE i rozwijaj swoj\u0105 karier\u0119 w mobilno\u015bci miejskiej. Tw\u00f3rz z nami innowacyjne rozwi\u0105zania transportowe dla miast.\" \/>\n<meta property=\"og:url\" content=\"https:\/\/roovee.eu\/en\/kariera-roovee\/\" \/>\n<meta property=\"og:site_name\" content=\"Roovee\" \/>\n<meta property=\"article:publisher\" content=\"https:\/\/www.facebook.com\/rooveepl\/\" \/>\n<meta property=\"article:modified_time\" content=\"2024-10-17T08:12:48+00:00\" \/>\n<meta name=\"twitter:card\" content=\"summary_large_image\" \/>\n<script type=\"application\/ld+json\" class=\"yoast-schema-graph\">{\"@context\":\"https:\/\/schema.org\",\"@graph\":[{\"@type\":\"WebPage\",\"@id\":\"https:\/\/roovee.eu\/kariera-roovee\/\",\"url\":\"https:\/\/roovee.eu\/kariera-roovee\/\",\"name\":\"Kariera w ROOVEE - Do\u0142\u0105cz do naszego zespo\u0142u\",\"isPartOf\":{\"@id\":\"https:\/\/roovee.eu\/#website\"},\"datePublished\":\"2024-04-11T09:01:34+00:00\",\"dateModified\":\"2024-10-17T08:12:48+00:00\",\"description\":\"Do\u0142\u0105cz do ROOVEE i rozwijaj swoj\u0105 karier\u0119 w mobilno\u015bci miejskiej. Tw\u00f3rz z nami innowacyjne rozwi\u0105zania transportowe dla miast.\",\"breadcrumb\":{\"@id\":\"https:\/\/roovee.eu\/kariera-roovee\/#breadcrumb\"},\"inLanguage\":\"en-US\",\"potentialAction\":[{\"@type\":\"ReadAction\",\"target\":[\"https:\/\/roovee.eu\/kariera-roovee\/\"]}]},{\"@type\":\"BreadcrumbList\",\"@id\":\"https:\/\/roovee.eu\/kariera-roovee\/#breadcrumb\",\"itemListElement\":[{\"@type\":\"ListItem\",\"position\":1,\"name\":\"Strona g\u0142\u00f3wna\",\"item\":\"https:\/\/roovee.eu\/\"},{\"@type\":\"ListItem\",\"position\":2,\"name\":\"Kariera\"}]},{\"@type\":\"WebSite\",\"@id\":\"https:\/\/roovee.eu\/#website\",\"url\":\"https:\/\/roovee.eu\/\",\"name\":\"Rowery miejskie ROOVEE\",\"description\":\"Rowery dla miast z przysz\u0142o\u015bci\u0105\",\"publisher\":{\"@id\":\"https:\/\/roovee.eu\/#organization\"},\"potentialAction\":[{\"@type\":\"SearchAction\",\"target\":{\"@type\":\"EntryPoint\",\"urlTemplate\":\"https:\/\/roovee.eu\/?s={search_term_string}\"},\"query-input\":{\"@type\":\"PropertyValueSpecification\",\"valueRequired\":true,\"valueName\":\"search_term_string\"}}],\"inLanguage\":\"en-US\"},{\"@type\":\"Organization\",\"@id\":\"https:\/\/roovee.eu\/#organization\",\"name\":\"Roovee S.A.\",\"url\":\"https:\/\/roovee.eu\/\",\"logo\":{\"@type\":\"ImageObject\",\"inLanguage\":\"en-US\",\"@id\":\"https:\/\/roovee.eu\/#\/schema\/logo\/image\/\",\"url\":null,\"contentUrl\":null,\"width\":1024,\"height\":347,\"caption\":\"Roovee S.A.\"},\"image\":{\"@id\":\"https:\/\/roovee.eu\/#\/schema\/logo\/image\/\"},\"sameAs\":[\"https:\/\/www.facebook.com\/rooveepl\/\",\"https:\/\/www.instagram.com\/roovee_eu\/\"]}]}<\/script>\n<!-- \/ Yoast SEO Premium plugin. -->","yoast_head_json":{"title":"Kariera w ROOVEE - Do\u0142\u0105cz do naszego zespo\u0142u","description":"Do\u0142\u0105cz do ROOVEE i rozwijaj swoj\u0105 karier\u0119 w mobilno\u015bci miejskiej. Tw\u00f3rz z nami innowacyjne rozwi\u0105zania transportowe dla miast.","robots":{"index":"index","follow":"follow","max-snippet":"max-snippet:-1","max-image-preview":"max-image-preview:large","max-video-preview":"max-video-preview:-1"},"canonical":"https:\/\/roovee.eu\/en\/kariera-roovee\/","og_locale":"en_US","og_type":"article","og_title":"[:pl]Kariera[:]","og_description":"[:pl]Do\u0142\u0105cz do ROOVEE i rozwijaj swoj\u0105 karier\u0119 w mobilno\u015bci miejskiej. Tw\u00f3rz z nami innowacyjne rozwi\u0105zania transportowe dla miast.[:]","og_url":"https:\/\/roovee.eu\/en\/kariera-roovee\/","og_site_name":"Roovee","article_publisher":"https:\/\/www.facebook.com\/rooveepl\/","article_modified_time":"2024-10-17T08:12:48+00:00","twitter_card":"summary_large_image","schema":{"@context":"https:\/\/schema.org","@graph":[{"@type":"WebPage","@id":"https:\/\/roovee.eu\/kariera-roovee\/","url":"https:\/\/roovee.eu\/kariera-roovee\/","name":"Kariera w ROOVEE - Do\u0142\u0105cz do naszego zespo\u0142u","isPartOf":{"@id":"https:\/\/roovee.eu\/#website"},"datePublished":"2024-04-11T09:01:34+00:00","dateModified":"2024-10-17T08:12:48+00:00","description":"Do\u0142\u0105cz do ROOVEE i rozwijaj swoj\u0105 karier\u0119 w mobilno\u015bci miejskiej. Tw\u00f3rz z nami innowacyjne rozwi\u0105zania transportowe dla miast.","breadcrumb":{"@id":"https:\/\/roovee.eu\/kariera-roovee\/#breadcrumb"},"inLanguage":"en-US","potentialAction":[{"@type":"ReadAction","target":["https:\/\/roovee.eu\/kariera-roovee\/"]}]},{"@type":"BreadcrumbList","@id":"https:\/\/roovee.eu\/kariera-roovee\/#breadcrumb","itemListElement":[{"@type":"ListItem","position":1,"name":"Strona g\u0142\u00f3wna","item":"https:\/\/roovee.eu\/"},{"@type":"ListItem","position":2,"name":"Kariera"}]},{"@type":"WebSite","@id":"https:\/\/roovee.eu\/#website","url":"https:\/\/roovee.eu\/","name":"Rowery miejskie ROOVEE","description":"Rowery dla miast z przysz\u0142o\u015bci\u0105","publisher":{"@id":"https:\/\/roovee.eu\/#organization"},"potentialAction":[{"@type":"SearchAction","target":{"@type":"EntryPoint","urlTemplate":"https:\/\/roovee.eu\/?s={search_term_string}"},"query-input":{"@type":"PropertyValueSpecification","valueRequired":true,"valueName":"search_term_string"}}],"inLanguage":"en-US"},{"@type":"Organization","@id":"https:\/\/roovee.eu\/#organization","name":"Roovee S.A.","url":"https:\/\/roovee.eu\/","logo":{"@type":"ImageObject","inLanguage":"en-US","@id":"https:\/\/roovee.eu\/#\/schema\/logo\/image\/","url":null,"contentUrl":null,"width":1024,"height":347,"caption":"Roovee S.A."},"image":{"@id":"https:\/\/roovee.eu\/#\/schema\/logo\/image\/"},"sameAs":["https:\/\/www.facebook.com\/rooveepl\/","https:\/\/www.instagram.com\/roovee_eu\/"]}]}},"_links":{"self":[{"href":"https:\/\/roovee.eu\/en\/wp-json\/wp\/v2\/pages\/601","targetHints":{"allow":["GET"]}}],"collection":[{"href":"https:\/\/roovee.eu\/en\/wp-json\/wp\/v2\/pages"}],"about":[{"href":"https:\/\/roovee.eu\/en\/wp-json\/wp\/v2\/types\/page"}],"author":[{"embeddable":true,"href":"https:\/\/roovee.eu\/en\/wp-json\/wp\/v2\/users\/1"}],"replies":[{"embeddable":true,"href":"https:\/\/roovee.eu\/en\/wp-json\/wp\/v2\/comments?post=601"}],"version-history":[{"count":1,"href":"https:\/\/roovee.eu\/en\/wp-json\/wp\/v2\/pages\/601\/revisions"}],"predecessor-version":[{"id":602,"href":"https:\/\/roovee.eu\/en\/wp-json\/wp\/v2\/pages\/601\/revisions\/602"}],"wp:attachment":[{"href":"https:\/\/roovee.eu\/en\/wp-json\/wp\/v2\/media?parent=601"}],"curies":[{"name":"wp","href":"https:\/\/api.w.org\/{rel}","templated":true}]}}